{"id":12,"date":"2013-12-31T16:29:51","date_gmt":"2013-12-31T16:29:51","guid":{"rendered":"http:\/\/www.iiar-anticancer.org\/conference\/?page_id=12"},"modified":"2014-09-09T14:09:32","modified_gmt":"2014-09-09T14:09:32","slug":"organizing-committee","status":"publish","type":"page","link":"https:\/\/conferences.iiar-suppl.com\/?page_id=12","title":{"rendered":"Organizing Committee"},"content":{"rendered":"<p><b>P.A. Abrahamsson, <\/b>Department of Urology, Lund University, Malm\u00f6, Sweden<br \/>\n<b>N. Agnantis, <\/b>Department of Pathology, University of Ioannina Medical School, Ioannina, Greece<br \/>\n<b>F.E. Ahmed, <\/b>GEM Tox Labs, Institute for Research in Biotechnology, Greenville, NC, USA<br \/>\n<b>C. Alexiou, <\/b>Division Experimental Oncology\/Nanomedicine, Hals-Nasen-Ohren-Klinik\/ENT-Clinic, Universit\u00e4tsklinikum Erlangen, Erlangen, Germany<br \/>\n<b>L. Amaral, <\/b>Institute of Hygiene &amp; Tropical Medicine, Universidade Nova de Lisboa , Lisbon, Portugal<br \/>\n<b>F.L. Ampil, <\/b>Department of Radiology, Louisiana State University Health Sciences Center in Shreveport, Shreveport, LA, USA<br \/>\n<b>R. Andersson, <\/b>Department of Surgery, Faculty of Medicine, Lund University, Lund, Sweden<br \/>\n<b>S. Arbak, <\/b>Department of Histology and Embryology, Acibadem University School of Medicine, Istanbul, Turkey<br \/>\n<b>V. Barak, <\/b>Immunology Laboratory for Tumor Diagnosis and Hematology Department, Hadassah &#8211; Hebrew University Medical Center, Jerusalem, Israel<br \/>\n<b>D.-T. Bau, <\/b>Terry Fox Cancer Research Laboratory, China Medical University Hospital, Taichung, Taiwan<br \/>\n<b>G Bauer, <\/b>Institute of Virology, Department of Medical Microbiology and Hygiene, University Medical Center, Freiburg, Germany<br \/>\n<b>F. Betsou, <\/b>Integrated BioBank of Luxembourg (IBBL), Luxembourg<br \/>\n<b>A. Bishayee, <\/b>Department of Pharmaceutical Sciences, School of Pharmacy, American University of Health Sciences, Signal Hill, CA, USA<br \/>\n<b>R. Bjerkvig, <\/b>Department of Biomedicine, University of Bergen, Bergen, Norway<br \/>\n<b>G. Broich, <\/b>Coordinatore Sanitario Regionale, Gruppo Policlinico di Monza, Monza, Italy<br \/>\n<b>C. Carlberg, <\/b>Institute of Biomedicine, University of Eastern Finland, Kuopio, Finland<br \/>\n<b>J. Carlsson, <\/b>Unit of Biomedical Radiation Sciences, Dept. of Radiology, Oncology and Radiation Science, Uppsala University, Rudbeck Laboratory, Uppsala, Sweden<br \/>\n<b>D. Characiejus, <\/b>Deparment of Pathophysiology and Immunology, Faculty of Medicine, Vilnius University, Vilnius, Lithuania<br \/>\n<b>C.J. Chen, <\/b>Graduate Institute of Epidemiology and Preventive Medicine, National Taiwan University, Taipei, Taiwan<br \/>\n<b>G. Ciarimboli, <\/b>Experimental Nephrology, Medical Clinic D, M\u00fcnster University Hospital, M\u00fcnster, Germany<br \/>\n<b>B.F.C. Clark, <\/b>Department of Molecular Biology and Genetics, University of Aarhus, Aarhus, Denmark<br \/>\n<b>R. Clarke, <\/b>Department of Oncology, Georgetown University Medical Center , Washington, DC, USA<br \/>\n<b>P. Collery, <\/b>Society for the Coordination of Therapeutic Researches, Algajola, France<br \/>\n<b>G. Conti, <\/b>Department of Urology, St. Anna Hospital, Como, Italy<br \/>\n<b>H. Cross, <\/b>Department of Pathophysiology, Medical University of Vienna, Vienna, Austria<br \/>\n<b>M. De Braekeleer, <\/b>Laboratoire de Cytog\u00e9n\u00e9tique, Facult\u00e9 de M\u00e9decine et des Sciences de la Sant\u00e9, Universit\u00e9 de Bretagne Occidentale, Brest, France<br \/>\n<b>K. De Meirleir, <\/b>Himmunitas Foundation, Brussels, Belgium<br \/>\n<b>A.Z. Dudek, <\/b>Department of Hematology\/Oncology, University of Illinois, College of Medicine at Chicago, Chicago, IL, USA<br \/>\n<b>A. Dutour, <\/b>Department of Clinical Sciences, Centre de Recherche en Canc\u00e9rologie UMR Inserm U1052, Lyon, France<br \/>\n<b>P. Dziegiel, <\/b>Department of Histology and Embryology, Medical University of Wroclaw, Wroclaw, Poland<br \/>\n<b>T. Efferth, <\/b>Department of Pharmaceutical Biology, Institute of Pharmacy and Biochemistry, Johannes Gutenberg University, Mainz, Germany<br \/>\n<b>W. Engstr\u00f6m, <\/b>Department of Biomedical Sciences and Veterinary Public Health. Faculty of Veterinary Medicine, SLU, Uppsala, Sweden<br \/>\n<b>M. Eskelinen, <\/b>Department of Surgery, Kuopio University Hospital, Kuopio, Finland<br \/>\n<b>J.A. Fernandez-Pol, <\/b>Antagoras Agrobusiness, LLC, Chesterfield, MO, USA<br \/>\n<b>A. Fields, <\/b>Department of Cancer Biology, Mayo Clinic Cancer Center, Jacksonville, FL, USA<br \/>\n<b>M. Friedrich, <\/b>Department of Gynecology and Obstetrics, HELIOS-Klinikum Krefeld, Krefeld, Germany<br \/>\n<b>R. Friedrich, <\/b>Department of Oral &amp; Maxillofacial Surgery, Eppendorf University Hospital, Hamburg, Germany<br \/>\n<b>H.-J. Gabius, <\/b>Department of Physiological Chemistry, Veterinary Sciences Department of Veterinary Medicine Faculty of the<br \/>\nLudwig-Maximilians-University , Munich, Germany<br \/>\n<b>R. Ganapathi, <\/b>Levine Cancer Institute, Carolinas HealthCare System, Charlotte, NC, USA<br \/>\n<b>A.F. Gazdar, <\/b>The Hamon Center for Therapeutic Oncology Research, U.T. Southwestern Medical Center at Dallas, Dallas, TX, USA<br \/>\n<b>V. Gebbia, <\/b>Medical Oncology Unit, Dipartimento Oncologico, La Maddalena, Universit\u00e0 degli Studi, Palermo, Italy<br \/>\n<b>J.W. Greiner, <\/b>Laboratory of Tumor Immunology &amp; Biology, CCR, NCI, Bethesda, MD, USA<br \/>\n<b>F.E. Guadagni, <\/b>SR Research Center, IRCCS San Raffaele Pisana , Rome, Italy<br \/>\n<b>C. Hastie, <\/b>Faculty of Health &amp; Medical Sciences, University of Surrey, Guildford, Surrey, UK<br \/>\n<b>J. Hau, <\/b>Department of Experimental Medicine, University of Copenhagen, Copenhagen, Denmark<br \/>\n<b>R. Hoffman, <\/b>AntiCancer Inc., San Diego, CA, USA<br \/>\n<b>S. Holdenrieder, <\/b>Institut f\u00fcr Klinische Chemie und Klinische Pharmakologie-Zentrallabor-Universit\u00e4tsklinikum Bonn, Bonn, Germany<br \/>\n<b>T. Isbir, <\/b>Department of Medical Biology, Faculty of Medicine, Yeditepe University, Istanbul, Turkey<br \/>\n<b>S. Jhanwar, <\/b>Memorial Sloan Kettering Cancer Center, Laboratory of Solid Tumor Genetics, New York, NY, USA<br \/>\n<b>M. Jhanwar-Uniyal, <\/b>Departmenet of Neurosurgery, New York Medical College, Valhalla, NY, USA<br \/>\n<b>B. Kaina, <\/b>Institute of Toxicology, Division of Applied Toxicology, University of Mainz, Mainz, Germany<br \/>\n<b>E. Kandil, <\/b>Department of Surgery, Tulane University School of Medicine, New Orleans, LA, USA<br \/>\n<b>Y. Keisari, <\/b>Department of Clinical Microbiology and Immunology, Sackler Faculty of Medicine, Tel Aviv University, Tel-Aviv, Israel<br \/>\n<b>D.G. Kieback, <\/b>Klinikum Vest, Standort Marl, Marl, Germany<br \/>\n<b>I. Kiss, <\/b>Institute of Preventive Medicine, University of Pecs Medical School, P\u00e9cs, Hungary<br \/>\n<b>R. Klapdor, <\/b>Internal Unit, ZeTDT GmbH, Hamburg, Germany<br \/>\n<b>R. Knecht, <\/b>Department of Otorhinolaryngology, Head and Neck Surgery and Oncology, University Medical Center Hamburg-Eppendorf, Hamburg, Germany<br \/>\n<b>M. Kohonen-Corish, <\/b>Kinghorn Cancer Centre, Garvan Institute of Medical Research, Sydney, NSW, Australia<br \/>\n<b>M. Koutsilieris, <\/b>Laboratory of Experimental Physiology, Department of Basic Sciences, University of Athens Medical School, Athens, Greece<br \/>\n<b>K. Kubota, <\/b>Second Department of Surgery, Dokkyo Medical University, Mibu, Tochigi, Japan<br \/>\n<b>P.M. Kumar, <\/b>Division of Laboratory &amp; Regenerative Medicine, University of Manchester Medical School, Manchester, UK<br \/>\n<b>S. Kumar, <\/b>Department of Biological Sciences, Manchester Metropolitan University, Manchester, UK<br \/>\n<b>O.D. Laerum, <\/b>Department of Pathology &amp; Oncology, Institute of Clinical Research, Haukeland University Hospital, Bergen, Norway<br \/>\n<b>S.A. Lamprecht, <\/b>Division of Clinical Biochemistry and Pharmacology, Ben-Gurion University of the Negev, Beer-Sheva, Israel<br \/>\n<b>W. Lichtenegger, <\/b>Charit\u00e9 Campus Virchow-Klinikum, Klinik f\u00fcr Frauenheilkunde und Geburtshilfe, Berlin, Germany<br \/>\n<b>D. Lincoln, <\/b>Independent Research Foundation, Chapel Hill, QLD, Australia<br \/>\n<b>B. Littlefield, <\/b>Eisai Inc., Andover, MA, USA<br \/>\n<b>F. Lumachi, <\/b>University of Padua, School of Medicine, Padova, Italy<br \/>\n<b>G. Martorana, <\/b>Deprtment of Urology, University of Bologna, Bologna, Italy<br \/>\n<b>S. Mitra, <\/b>Department of Radiation Oncology, Houston Methodist Research Institute, Galveston, TX, USA<br \/>\n<b>R. Molina, <\/b>Laboratory of Biochemistry (Oncobiology Unit); Thorax Institute Hospital Cl\u00ednic, IDIBAPS, Barcelona, Spain<br \/>\n<b>J. Molnar, <\/b>Department of Medical Microbiology and Immunobiology, Faculty of Medicine, University of Szeged, Szeged, Hungary<br \/>\n<b>R. Morgan, <\/b>Faculty of Health and Medical Sciences, University of Surrey, Guildford, Surrey, UK<br \/>\n<b>N. Motohashi, <\/b>Department of Medicinal Chemistry, Meiji Pharmaceutical University, Tokyo, Japan<br \/>\n<b>M. Mueller, <\/b>Department Biomedical Engineering, Faculty of Medical and Life Sciences, Hochschule Furtwangen University, Villingen-Schwenningen, Germany<br \/>\n<b>F.M. Muggia, <\/b>New York University School of Medicine and NYU Cancer Institute, New York, NY, USA<br \/>\n<b>R.M. Nagler, <\/b>Department of Oral and Maxillofacial Surgery and Oral Biochemistry Laboratory, Rambam Medical Center and Rappaport Faculty of Medicine, Israel Institute of Technology-Technion, Haifa, Israel<br \/>\n<b>R. Nano, <\/b>Dipartimento Biologia e Biotecnologie &#8220;Lazzaro Spallanzani&#8221;, Universit\u00e0 degli Studi di\u00a0 Pavia, Pavia, Italy<br \/>\n<b>N. Nguyen, <\/b>Department\u00a0 of\u00a0 Radiation\u00a0 Oncology,\u00a0 Howard\u00a0 University, Tucson, AZ, USA<br \/>\n<b>C. Nicolini, <\/b>Laboratories of Biophysics and Nanobiotechnology, Department Experimental Medicine, University of Genova, Genoa, Italy<br \/>\n<b>C. Pace-Asciak, <\/b>The Hospital for Sick Children Research Institute, Toronto, ON, Canada<br \/>\n<b>S. Pathak, <\/b>Department of Genetics, The University of Texas M.D. Anderson Cancer Center, Houston, TX, USA<br \/>\n<b>G.J. Pilkington, <\/b>Cellular and Molecular Neuro-oncology Research Group, University of Portsmouth, Portsmouth, UK<br \/>\n<b>C.D. Platsoucas, <\/b>College of Sciences, Old Dominion University, Norfolk, VA, USA<br \/>\n<b>A. Polliack, <\/b>Lymphoma &#8211; Leukemia Unit, Department of Hematology, Hadassah University Hospital, Jerusalem, Israel<br \/>\n<b>J. Reichrath, <\/b>Klinik f\u00fcr Dermatologie, Venerologie und Allergologie; Universit\u00e4tsklinikum des Saarlandes, Homburg\/Saar, Germany<br \/>\n<b>D.A. Ribeiro, <\/b>Department of Pathology, Paulista Medical School, Federal University of S\u00e3o Paulo, UNIFESP, Santos, SP, Brazil<br \/>\n<b>M. Rigaud, <\/b>ASTRALAB, Clinical Laboratory, Limoges, France<br \/>\n<b>F.M. Robertson, <\/b>Department of Experimental Therapeutics, The University of Texas M.D. Anderson Cancer Center, Houston, TX, USA<br \/>\n<b>M. Roselli, <\/b>Department of Systems Medicine, Medical Oncology Unit, Tor Vergata Clinical Center, University of Rome \u201cTor Vergata&#8221;, Rome, Italy<br \/>\n<b>G.R. Rutteman, <\/b>University Clinic of Companion Animals, Utrecht and Veterinary Specialist Center De Wagenrenk, Wageningen, Netherlands<br \/>\n<b>C. Sansom, <\/b>Department of Biological Sciences, Birkbeck, University of London, London, UK<br \/>\n<b>S. Sarkar, <\/b>Cancer Center, Department of Medicine, Boston University School of Medicine, Boston, MA, USA<br \/>\n<b>A. Schauer, <\/b>Zentrum Pathologie, Georg-August-Universitat-Gottingen, G\u00f6ttingen, Germany<br \/>\n<b>D. Schiffer, <\/b>Neuro-bio-oncology Center, Policlinico di Monza Foundation, Vercelli, Italy<br \/>\n<b>J. Schneider, <\/b>Facultad de Ciencias de la Salud, Universidad Rey Juan Carlos, Alcorc\u00f3n (Madrid), Spain<br \/>\n<b>M. Schneider, <\/b>FB C \u2212 Organische Chemie, Bergische Universit\u00e4t Wuppertal, Wuppertal, Germany<br \/>\n<b>O.J. Semmes, <\/b>Leroy T. Canoles, Jr. Cancer Research Center, Eastern Virginia Medical School , Norfolk, VA, USA<br \/>\n<b>A. Seth, <\/b>Department of Laboratory Medicine and Pathobiology, University of Toronto, Toronto, ON, Canada<br \/>\n<b>G. Sica, <\/b>Institute of Histology and Embryology, \u201cA. Gemelli\u201d Faculty of Medicine, Catholic University of the Sacred Heart, Rome, Italy<br \/>\n<b>J. Slansky, <\/b>Integrated Department of Immunology, School of Medicine, University of Colorado Denver, Denver, CO, USA<br \/>\n<b>K. Smetana, <\/b>1st Faculty of Medicine, Institute of Anatomy, Charles University, Prague, Czech Republic<br \/>\n<b>S.S. Smith, <\/b>NanoLab, Division of Urology, City of Hope Comprehensive Cancer Center, Duarte, CA, USA<br \/>\n<b>R.M. Snapka, <\/b>Department of Radiology, The Ohio State University Wexner Medical Center, Columbus, OH, USA<br \/>\n<b>D.D. Spyropoulos, <\/b>Pathology &amp; Lab Medicine Walton, Medical University of South Carolina, Charleston, SC, USA<br \/>\n<b>J. Sterling, <\/b>Center for Bone Biology, Department of Medicine, Vanderbilt University, Nashville, TN, USA<br \/>\n<b>T. Stigbrand, <\/b>Department of Immunology and Immnunochemistry, Ume\u00e5 University, Ume\u00e5, Sweden<br \/>\n<b>K. Syrj\u00e4nen, <\/b>Department of Clinical Research, Biohit Oyj, Helsinki, Finland<br \/>\n<b>R.T. Todorova, <\/b>IBPhBME-BAS, Sofia, Bulgaria<br \/>\n<b>O. Topolcan, <\/b>Department of Immunoanalysis, Faculty Hospital in Pilsen, Charles University, Pilsen, Czech Republic<br \/>\n<b>G.C. Torre, <\/b>Centro Ippocrate, Finale Ligure (SV), Italy<br \/>\n<b>V. Treska, <\/b>Department of Surgery, University Hospital in Pilsen, Pilsen, Czech Republic<br \/>\n<b>M. de L.G. Trigo, <\/b>Servi\u00e7o\u00a0 de Braquiterapia, Instituto Portugu\u00eas Oncologia Porto FG, EPE, Porto, Portugal<br \/>\n<b>G. Tsangaris, <\/b>Central Unit of Genomics-Proteomics, Foundation of Biomedical Research of the Academy of Athens, Athens, Greece<br \/>\n<b>E. Vairaktraris, <\/b>Clinic for Maxillofacial Surgery, \u201cAttikon\u201d University Hospital, Athens, Greece<br \/>\n<b>D. Vesely, <\/b>Department of Medicine, James A. Haley VA Medical Center and University of South Florida Morsani Health Sciences Center, Tampa, FL, USA<br \/>\n<b>D. Vetvicka, <\/b>Institute of Biophysics and Informatics, First Faculty of Medicine, Charles University in Prague, Prague, Czech Republic<br \/>\n<b>J.K. Vishwanatha, <\/b>Department of Molecular and Medical Genetics, University of North Texas Health Science Center, Fort Worth, TX, USA<br \/>\n<b>G. Vollmer, <\/b>Department of Biology, Technische Universitaet Dresden, Dresden, Germany<br \/>\n<b>A. Wani, <\/b>Department of Radiology, The Ohio State University Wexner Medical Center, Columbus, OH, USA<br \/>\n<b>I.P. Witz, <\/b>Cancer Microenvironment, Tel-Aviv University, Tel Aviv, Israel<br \/>\n<b>Y. Yen, <\/b>Department of Molecular Pharmacology, City of Hope Comprehensive Cancer Center, Duarte, CA, USA<br \/>\n<b>C.H. Yip, <\/b>Breast Centre, Subang Jaya Medical Centre, Selangor, Malaysia<br \/>\n<b>O. Zoras, <\/b>Department of Surgical Oncology. University Hospital of Heraklion, Heraklion, Greece<\/p>\n","protected":false},"excerpt":{"rendered":"<p>P.A. Abrahamsson, Department of Urology, Lund University, Malm\u00f6, Sweden N. Agnantis, Department of Pathology, University of Ioannina Medical School, Ioannina, Greece F.E. Ahmed, GEM Tox Labs, Institute for Research in Biotechnology, Greenville, NC, USA C. Alexiou, Division Experimental Oncology\/Nanomedicine, Hals-Nasen-Ohren-Klinik\/ENT-Clinic, Universit\u00e4tsklinikum Erlangen, Erlangen, Germany L. Amaral, Institute of Hygiene &amp; Tropical Medicine, Universidade Nova de [&hellip;]<\/p>\n","protected":false},"author":1,"featured_media":0,"parent":0,"menu_order":0,"comment_status":"closed","ping_status":"closed","template":"","meta":{"footnotes":""},"class_list":["post-12","page","type-page","status-publish","czr-hentry"],"_links":{"self":[{"href":"https:\/\/conferences.iiar-suppl.com\/index.php?rest_route=\/wp\/v2\/pages\/12","targetHints":{"allow":["GET"]}}],"collection":[{"href":"https:\/\/conferences.iiar-suppl.com\/index.php?rest_route=\/wp\/v2\/pages"}],"about":[{"href":"https:\/\/conferences.iiar-suppl.com\/index.php?rest_route=\/wp\/v2\/types\/page"}],"author":[{"embeddable":true,"href":"https:\/\/conferences.iiar-suppl.com\/index.php?rest_route=\/wp\/v2\/users\/1"}],"replies":[{"embeddable":true,"href":"https:\/\/conferences.iiar-suppl.com\/index.php?rest_route=%2Fwp%2Fv2%2Fcomments&post=12"}],"version-history":[{"count":12,"href":"https:\/\/conferences.iiar-suppl.com\/index.php?rest_route=\/wp\/v2\/pages\/12\/revisions"}],"predecessor-version":[{"id":1416,"href":"https:\/\/conferences.iiar-suppl.com\/index.php?rest_route=\/wp\/v2\/pages\/12\/revisions\/1416"}],"wp:attachment":[{"href":"https:\/\/conferences.iiar-suppl.com\/index.php?rest_route=%2Fwp%2Fv2%2Fmedia&parent=12"}],"curies":[{"name":"wp","href":"https:\/\/api.w.org\/{rel}","templated":true}]}}